{"id":85,"date":"2023-08-31T19:40:44","date_gmt":"2023-08-31T17:40:44","guid":{"rendered":"http:\/\/lcdmusique35.fr\/?page_id=85"},"modified":"2025-08-05T13:22:19","modified_gmt":"2025-08-05T11:22:19","slug":"contacts","status":"publish","type":"page","link":"https:\/\/lcdmusique35.fr\/index.php\/contacts\/","title":{"rendered":"Contact"},"content":{"rendered":"\n<p class=\"has-text-align-left has-medium-font-size\"><strong><em>Si\u00e8ge<\/em> :<\/strong> Les Chemins de la musique &#8211; Centre Social de Vitr\u00e9 &#8211; 27 rue Notre Dame &#8211; 35500 VITRE<\/p>\n\n\n\n<p class=\"has-medium-font-size\"><strong><em>Pr\u00e9sident : <\/em><\/strong>Dominique COIGNARD  &#8211;  07 85 64 40 25<\/p>\n\n\n\n<p class=\"has-medium-font-size\"><strong><em>Coordinatrice :<\/em><\/strong> Laure COIGNARD &#8211; 06 78 30 37 79<\/p>\n\n\n\n<p class=\"has-medium-font-size\"><strong><em>Mail : <\/em><\/strong>laure@lcdmusique.fr<\/p>\n\n\n\n<p class=\"has-medium-font-size\"><strong><em>Professeur de guitare :<\/em> <\/strong>Gabriel COQUETTE  &#8211;  06 8352 59 11<\/p>\n\n\n\n<p class=\"has-medium-font-size\"><strong><em>Professeur de piano : <\/em><\/strong>Laure COIGNARD   &#8211;  06 78 30 37 79<\/p>\n\n\n\n<p><\/p>\n\n\n\n<p><\/p>\n\n\n\n<p><\/p>\n\n\n\n<p><\/p>\n","protected":false},"excerpt":{"rendered":"<p>Si\u00e8ge : Les Chemins de la musique &#8211; Centre Social de Vitr\u00e9 &#8211; 27 rue Notre Dame &#8211; 35500 VITRE Pr\u00e9sident : Dominique COIGNARD &#8211; 07 85 64 40 25 Coordinatrice : Laure COIGNARD &#8211; 06 78 30 37 79 Mail : laure@lcdmusique.fr Professeur de guitare : Gabriel COQUETTE &#8211; 06 8352 59 11 Professeur [&hellip;]<\/p>\n","protected":false},"author":2,"featured_media":0,"parent":0,"menu_order":0,"comment_status":"closed","ping_status":"closed","template":"","meta":{"footnotes":""},"class_list":["post-85","page","type-page","status-publish","hentry"],"yoast_head":"<!-- This site is optimized with the Yoast SEO plugin v21.2 - https:\/\/yoast.com\/wordpress\/plugins\/seo\/ -->\n<title>Contact - LES CHEMINS DE LA MUSIQUE 35<\/title>\n<meta name=\"robots\" content=\"index, follow, max-snippet:-1, max-image-preview:large, max-video-preview:-1\" \/>\n<link rel=\"canonical\" href=\"https:\/\/lcdmusique35.fr\/index.php\/contacts\/\" \/>\n<meta property=\"og:locale\" content=\"fr_FR\" \/>\n<meta property=\"og:type\" content=\"article\" \/>\n<meta property=\"og:title\" content=\"Contact - LES CHEMINS DE LA MUSIQUE 35\" \/>\n<meta property=\"og:description\" content=\"Si\u00e8ge : Les Chemins de la musique &#8211; Centre Social de Vitr\u00e9 &#8211; 27 rue Notre Dame &#8211; 35500 VITRE Pr\u00e9sident : Dominique COIGNARD &#8211; 07 85 64 40 25 Coordinatrice : Laure COIGNARD &#8211; 06 78 30 37 79 Mail : laure@lcdmusique.fr Professeur de guitare : Gabriel COQUETTE &#8211; 06 8352 59 11 Professeur [&hellip;]\" \/>\n<meta property=\"og:url\" content=\"https:\/\/lcdmusique35.fr\/index.php\/contacts\/\" \/>\n<meta property=\"og:site_name\" content=\"LES CHEMINS DE LA MUSIQUE 35\" \/>\n<meta property=\"article:modified_time\" content=\"2025-08-05T11:22:19+00:00\" \/>\n<meta name=\"twitter:card\" content=\"summary_large_image\" \/>\n<meta name=\"twitter:label1\" content=\"Dur\u00e9e de lecture estim\u00e9e\" \/>\n\t<meta name=\"twitter:data1\" content=\"1 minute\" \/>\n<script type=\"application\/ld+json\" class=\"yoast-schema-graph\">{\"@context\":\"https:\/\/schema.org\",\"@graph\":[{\"@type\":\"WebPage\",\"@id\":\"https:\/\/lcdmusique35.fr\/index.php\/contacts\/\",\"url\":\"https:\/\/lcdmusique35.fr\/index.php\/contacts\/\",\"name\":\"Contact - LES CHEMINS DE LA MUSIQUE 35\",\"isPartOf\":{\"@id\":\"https:\/\/lcdmusique35.fr\/#website\"},\"datePublished\":\"2023-08-31T17:40:44+00:00\",\"dateModified\":\"2025-08-05T11:22:19+00:00\",\"breadcrumb\":{\"@id\":\"https:\/\/lcdmusique35.fr\/index.php\/contacts\/#breadcrumb\"},\"inLanguage\":\"fr-FR\",\"potentialAction\":[{\"@type\":\"ReadAction\",\"target\":[\"https:\/\/lcdmusique35.fr\/index.php\/contacts\/\"]}]},{\"@type\":\"BreadcrumbList\",\"@id\":\"https:\/\/lcdmusique35.fr\/index.php\/contacts\/#breadcrumb\",\"itemListElement\":[{\"@type\":\"ListItem\",\"position\":1,\"name\":\"Accueil\",\"item\":\"https:\/\/lcdmusique35.fr\/\"},{\"@type\":\"ListItem\",\"position\":2,\"name\":\"Contact\"}]},{\"@type\":\"WebSite\",\"@id\":\"https:\/\/lcdmusique35.fr\/#website\",\"url\":\"https:\/\/lcdmusique35.fr\/\",\"name\":\"LES CHEMINS DE LA MUSIQUE 35\",\"description\":\"\",\"publisher\":{\"@id\":\"https:\/\/lcdmusique35.fr\/#organization\"},\"potentialAction\":[{\"@type\":\"SearchAction\",\"target\":{\"@type\":\"EntryPoint\",\"urlTemplate\":\"https:\/\/lcdmusique35.fr\/?s={search_term_string}\"},\"query-input\":\"required name=search_term_string\"}],\"inLanguage\":\"fr-FR\"},{\"@type\":\"Organization\",\"@id\":\"https:\/\/lcdmusique35.fr\/#organization\",\"name\":\"LES CHEMINS DE LA MUSIQUE 35\",\"url\":\"https:\/\/lcdmusique35.fr\/\",\"logo\":{\"@type\":\"ImageObject\",\"inLanguage\":\"fr-FR\",\"@id\":\"https:\/\/lcdmusique35.fr\/#\/schema\/logo\/image\/\",\"url\":\"https:\/\/i0.wp.com\/lcdmusique35.fr\/wp-content\/uploads\/2023\/08\/cropped-cropped-logo-1-Copie-2-300x124-1.jpg?fit=300%2C124&ssl=1\",\"contentUrl\":\"https:\/\/i0.wp.com\/lcdmusique35.fr\/wp-content\/uploads\/2023\/08\/cropped-cropped-logo-1-Copie-2-300x124-1.jpg?fit=300%2C124&ssl=1\",\"width\":300,\"height\":124,\"caption\":\"LES CHEMINS DE LA MUSIQUE 35\"},\"image\":{\"@id\":\"https:\/\/lcdmusique35.fr\/#\/schema\/logo\/image\/\"}}]}<\/script>\n<!-- \/ Yoast SEO plugin. -->","yoast_head_json":{"title":"Contact - LES CHEMINS DE LA MUSIQUE 35","robots":{"index":"index","follow":"follow","max-snippet":"max-snippet:-1","max-image-preview":"max-image-preview:large","max-video-preview":"max-video-preview:-1"},"canonical":"https:\/\/lcdmusique35.fr\/index.php\/contacts\/","og_locale":"fr_FR","og_type":"article","og_title":"Contact - LES CHEMINS DE LA MUSIQUE 35","og_description":"Si\u00e8ge : Les Chemins de la musique &#8211; Centre Social de Vitr\u00e9 &#8211; 27 rue Notre Dame &#8211; 35500 VITRE Pr\u00e9sident : Dominique COIGNARD &#8211; 07 85 64 40 25 Coordinatrice : Laure COIGNARD &#8211; 06 78 30 37 79 Mail : laure@lcdmusique.fr Professeur de guitare : Gabriel COQUETTE &#8211; 06 8352 59 11 Professeur [&hellip;]","og_url":"https:\/\/lcdmusique35.fr\/index.php\/contacts\/","og_site_name":"LES CHEMINS DE LA MUSIQUE 35","article_modified_time":"2025-08-05T11:22:19+00:00","twitter_card":"summary_large_image","twitter_misc":{"Dur\u00e9e de lecture estim\u00e9e":"1 minute"},"schema":{"@context":"https:\/\/schema.org","@graph":[{"@type":"WebPage","@id":"https:\/\/lcdmusique35.fr\/index.php\/contacts\/","url":"https:\/\/lcdmusique35.fr\/index.php\/contacts\/","name":"Contact - LES CHEMINS DE LA MUSIQUE 35","isPartOf":{"@id":"https:\/\/lcdmusique35.fr\/#website"},"datePublished":"2023-08-31T17:40:44+00:00","dateModified":"2025-08-05T11:22:19+00:00","breadcrumb":{"@id":"https:\/\/lcdmusique35.fr\/index.php\/contacts\/#breadcrumb"},"inLanguage":"fr-FR","potentialAction":[{"@type":"ReadAction","target":["https:\/\/lcdmusique35.fr\/index.php\/contacts\/"]}]},{"@type":"BreadcrumbList","@id":"https:\/\/lcdmusique35.fr\/index.php\/contacts\/#breadcrumb","itemListElement":[{"@type":"ListItem","position":1,"name":"Accueil","item":"https:\/\/lcdmusique35.fr\/"},{"@type":"ListItem","position":2,"name":"Contact"}]},{"@type":"WebSite","@id":"https:\/\/lcdmusique35.fr\/#website","url":"https:\/\/lcdmusique35.fr\/","name":"LES CHEMINS DE LA MUSIQUE 35","description":"","publisher":{"@id":"https:\/\/lcdmusique35.fr\/#organization"},"potentialAction":[{"@type":"SearchAction","target":{"@type":"EntryPoint","urlTemplate":"https:\/\/lcdmusique35.fr\/?s={search_term_string}"},"query-input":"required name=search_term_string"}],"inLanguage":"fr-FR"},{"@type":"Organization","@id":"https:\/\/lcdmusique35.fr\/#organization","name":"LES CHEMINS DE LA MUSIQUE 35","url":"https:\/\/lcdmusique35.fr\/","logo":{"@type":"ImageObject","inLanguage":"fr-FR","@id":"https:\/\/lcdmusique35.fr\/#\/schema\/logo\/image\/","url":"https:\/\/i0.wp.com\/lcdmusique35.fr\/wp-content\/uploads\/2023\/08\/cropped-cropped-logo-1-Copie-2-300x124-1.jpg?fit=300%2C124&ssl=1","contentUrl":"https:\/\/i0.wp.com\/lcdmusique35.fr\/wp-content\/uploads\/2023\/08\/cropped-cropped-logo-1-Copie-2-300x124-1.jpg?fit=300%2C124&ssl=1","width":300,"height":124,"caption":"LES CHEMINS DE LA MUSIQUE 35"},"image":{"@id":"https:\/\/lcdmusique35.fr\/#\/schema\/logo\/image\/"}}]}},"_links":{"self":[{"href":"https:\/\/lcdmusique35.fr\/index.php\/wp-json\/wp\/v2\/pages\/85","targetHints":{"allow":["GET"]}}],"collection":[{"href":"https:\/\/lcdmusique35.fr\/index.php\/wp-json\/wp\/v2\/pages"}],"about":[{"href":"https:\/\/lcdmusique35.fr\/index.php\/wp-json\/wp\/v2\/types\/page"}],"author":[{"embeddable":true,"href":"https:\/\/lcdmusique35.fr\/index.php\/wp-json\/wp\/v2\/users\/2"}],"replies":[{"embeddable":true,"href":"https:\/\/lcdmusique35.fr\/index.php\/wp-json\/wp\/v2\/comments?post=85"}],"version-history":[{"count":5,"href":"https:\/\/lcdmusique35.fr\/index.php\/wp-json\/wp\/v2\/pages\/85\/revisions"}],"predecessor-version":[{"id":218,"href":"https:\/\/lcdmusique35.fr\/index.php\/wp-json\/wp\/v2\/pages\/85\/revisions\/218"}],"wp:attachment":[{"href":"https:\/\/lcdmusique35.fr\/index.php\/wp-json\/wp\/v2\/media?parent=85"}],"curies":[{"name":"wp","href":"https:\/\/api.w.org\/{rel}","templated":true}]}}