{"id":13,"date":"2023-08-29T04:16:09","date_gmt":"2023-08-29T02:16:09","guid":{"rendered":"http:\/\/lcdmusu.cluster030.hosting.ovh.net\/35\/?page_id=13"},"modified":"2025-08-05T13:25:50","modified_gmt":"2025-08-05T11:25:50","slug":"vous-aimez-la-guitare-le-piano-a-vous-de-jouer","status":"publish","type":"page","link":"https:\/\/lcdmusique35.fr\/","title":{"rendered":"Vous aimez la guitare ou le piano ! A vous de jouer"},"content":{"rendered":"\n<p>Les Chemins de la musique situ\u00e9e dans la commune de VITRE est pour le moment constitu\u00e9e de deux professeurs exp\u00e9riment\u00e9s de <strong>piano<\/strong> et <strong>guitare<\/strong>.<\/p>\n\n\n\n<p>Les cours particuliers durent g\u00e9n\u00e9ralement 30 mn et s\u2019adressent aux enfants comme aux adultes. Les professeurs adaptent leurs m\u00e9thodes d\u2019enseignement suivant les styles de musique abord\u00e9s et les objectifs de chacun tout en respectant le rythme de l&rsquo;\u00e9l\u00e8ve.<\/p>\n\n\n\n<p>Vous pouvez b\u00e9n\u00e9ficier de deux cours d&rsquo;essai avant de vous engager pour l&rsquo;ann\u00e9e.<\/p>\n\n\n\n<p><\/p>\n\n\n\n<div class=\"wp-block-media-text is-stacked-on-mobile is-style-rounded\" style=\"grid-template-columns:33% auto\"><figure class=\"wp-block-media-text__media\"><img loading=\"lazy\" decoding=\"async\" width=\"467\" height=\"313\" src=\"https:\/\/i0.wp.com\/lcdmusique35.fr\/wp-content\/uploads\/2023\/09\/clavier-site.jpg?resize=467%2C313\" alt=\"\" class=\"wp-image-149 size-full\" srcset=\"https:\/\/i0.wp.com\/lcdmusique35.fr\/wp-content\/uploads\/2023\/09\/clavier-site.jpg?w=467&amp;ssl=1 467w, https:\/\/i0.wp.com\/lcdmusique35.fr\/wp-content\/uploads\/2023\/09\/clavier-site.jpg?resize=300%2C201&amp;ssl=1 300w\" sizes=\"auto, (max-width: 467px) 100vw, 467px\" data-recalc-dims=\"1\" \/><\/figure><div class=\"wp-block-media-text__content\">\n<div class=\"wp-block-buttons is-layout-flex wp-container-core-buttons-is-layout-a74382ec wp-block-buttons-is-layout-flex\">\n<div class=\"wp-block-button is-style-fill\"><a class=\"wp-block-button__link wp-element-button\" href=\"http:\/\/lcdmusique35.fr\/index.php\/laure-coignard-professeur-de-piano\/\">Laure COIGNARD 06 78 30 37 79   (ici)<\/a><\/div>\n<\/div>\n<\/div><\/div>\n\n\n\n<p><a href=\"https:\/\/www.youtube.com\/watch?v=IUF52Kpk3RA\">Mes concerts\/spectacles pour Les Chemins de la Musique<\/a><\/p>\n\n\n\n<div class=\"wp-block-columns is-layout-flex wp-container-core-columns-is-layout-9d6595d7 wp-block-columns-is-layout-flex\">\n<div class=\"wp-block-column is-layout-flow wp-block-column-is-layout-flow\" style=\"flex-basis:100%\">\n<div class=\"wp-block-media-text is-stacked-on-mobile is-style-rounded\" style=\"grid-template-columns:33% auto\"><figure class=\"wp-block-media-text__media\"><img loading=\"lazy\" decoding=\"async\" width=\"251\" height=\"167\" src=\"https:\/\/i0.wp.com\/lcdmusique35.fr\/wp-content\/uploads\/2023\/09\/guitare-site.jpg?resize=251%2C167\" alt=\"\" class=\"wp-image-148 size-full\" data-recalc-dims=\"1\"\/><\/figure><div class=\"wp-block-media-text__content\">\n<div class=\"wp-block-buttons is-layout-flex wp-block-buttons-is-layout-flex\">\n<div class=\"wp-block-button\"><a class=\"wp-block-button__link wp-element-button\" href=\"http:\/\/lcdmusique35.fr\/index.php\/gabrielle-coquette\/\">Gabriel COQUETTE  06 83 52 59 11  (ici)<\/a><\/div>\n<\/div>\n<\/div><\/div>\n<\/div>\n<\/div>\n","protected":false},"excerpt":{"rendered":"<p>Les Chemins de la musique situ\u00e9e dans la commune de VITRE est pour le moment constitu\u00e9e de deux professeurs exp\u00e9riment\u00e9s de piano et guitare. Les cours particuliers durent g\u00e9n\u00e9ralement 30 mn et s\u2019adressent aux enfants comme aux adultes. Les professeurs adaptent leurs m\u00e9thodes d\u2019enseignement suivant les styles de musique abord\u00e9s et les objectifs de chacun [&hellip;]<\/p>\n","protected":false},"author":1,"featured_media":0,"parent":0,"menu_order":0,"comment_status":"closed","ping_status":"closed","template":"","meta":{"footnotes":""},"class_list":["post-13","page","type-page","status-publish","hentry"],"yoast_head":"<!-- This site is optimized with the Yoast SEO plugin v21.2 - https:\/\/yoast.com\/wordpress\/plugins\/seo\/ -->\n<title>Piano\/guitare : A vous de jouer ! LES CHEMINS DE LA MUSIQUE 35<\/title>\n<meta name=\"description\" content=\"Cours particuliers de PIANO pour tous les \u00e2ges et niveaux. L&#039;association les Chemins de la Musique situ\u00e9e au Centre Social de Vitr\u00e9 vous accueil et reste \u00e0 votre \u00e9coute afin d&#039;atteindre vos objectifs musicaux.\" \/>\n<meta name=\"robots\" content=\"index, follow, max-snippet:-1, max-image-preview:large, max-video-preview:-1\" \/>\n<link rel=\"canonical\" href=\"https:\/\/lcdmusique35.fr\/\" \/>\n<meta property=\"og:locale\" content=\"fr_FR\" \/>\n<meta property=\"og:type\" content=\"article\" \/>\n<meta property=\"og:title\" content=\"Piano\/guitare : A vous de jouer ! LES CHEMINS DE LA MUSIQUE 35\" \/>\n<meta property=\"og:description\" content=\"Cours particuliers de PIANO pour tous les \u00e2ges et niveaux. L&#039;association les Chemins de la Musique situ\u00e9e au Centre Social de Vitr\u00e9 vous accueil et reste \u00e0 votre \u00e9coute afin d&#039;atteindre vos objectifs musicaux.\" \/>\n<meta property=\"og:url\" content=\"https:\/\/lcdmusique35.fr\/\" \/>\n<meta property=\"og:site_name\" content=\"LES CHEMINS DE LA MUSIQUE 35\" \/>\n<meta property=\"article:modified_time\" content=\"2025-08-05T11:25:50+00:00\" \/>\n<meta property=\"og:image\" content=\"http:\/\/lcdmusique35.fr\/wp-content\/uploads\/2023\/09\/clavier-site.jpg\" \/>\n<meta name=\"twitter:card\" content=\"summary_large_image\" \/>\n<meta name=\"twitter:label1\" content=\"Dur\u00e9e de lecture estim\u00e9e\" \/>\n\t<meta name=\"twitter:data1\" content=\"1 minute\" \/>\n<script type=\"application\/ld+json\" class=\"yoast-schema-graph\">{\"@context\":\"https:\/\/schema.org\",\"@graph\":[{\"@type\":\"WebPage\",\"@id\":\"https:\/\/lcdmusique35.fr\/\",\"url\":\"https:\/\/lcdmusique35.fr\/\",\"name\":\"Piano\/guitare : A vous de jouer ! LES CHEMINS DE LA MUSIQUE 35\",\"isPartOf\":{\"@id\":\"https:\/\/lcdmusique35.fr\/#website\"},\"datePublished\":\"2023-08-29T02:16:09+00:00\",\"dateModified\":\"2025-08-05T11:25:50+00:00\",\"description\":\"Cours particuliers de PIANO pour tous les \u00e2ges et niveaux. L'association les Chemins de la Musique situ\u00e9e au Centre Social de Vitr\u00e9 vous accueil et reste \u00e0 votre \u00e9coute afin d'atteindre vos objectifs musicaux.\",\"breadcrumb\":{\"@id\":\"https:\/\/lcdmusique35.fr\/#breadcrumb\"},\"inLanguage\":\"fr-FR\",\"potentialAction\":[{\"@type\":\"ReadAction\",\"target\":[\"https:\/\/lcdmusique35.fr\/\"]}]},{\"@type\":\"BreadcrumbList\",\"@id\":\"https:\/\/lcdmusique35.fr\/#breadcrumb\",\"itemListElement\":[{\"@type\":\"ListItem\",\"position\":1,\"name\":\"Accueil\",\"item\":\"https:\/\/lcdmusique35.fr\/\"},{\"@type\":\"ListItem\",\"position\":2,\"name\":\"Vous aimez la guitare ou le piano ! A vous de jouer\"}]},{\"@type\":\"WebSite\",\"@id\":\"https:\/\/lcdmusique35.fr\/#website\",\"url\":\"https:\/\/lcdmusique35.fr\/\",\"name\":\"LES CHEMINS DE LA MUSIQUE 35\",\"description\":\"\",\"publisher\":{\"@id\":\"https:\/\/lcdmusique35.fr\/#organization\"},\"potentialAction\":[{\"@type\":\"SearchAction\",\"target\":{\"@type\":\"EntryPoint\",\"urlTemplate\":\"https:\/\/lcdmusique35.fr\/?s={search_term_string}\"},\"query-input\":\"required name=search_term_string\"}],\"inLanguage\":\"fr-FR\"},{\"@type\":\"Organization\",\"@id\":\"https:\/\/lcdmusique35.fr\/#organization\",\"name\":\"LES CHEMINS DE LA MUSIQUE 35\",\"url\":\"https:\/\/lcdmusique35.fr\/\",\"logo\":{\"@type\":\"ImageObject\",\"inLanguage\":\"fr-FR\",\"@id\":\"https:\/\/lcdmusique35.fr\/#\/schema\/logo\/image\/\",\"url\":\"https:\/\/i0.wp.com\/lcdmusique35.fr\/wp-content\/uploads\/2023\/08\/cropped-cropped-logo-1-Copie-2-300x124-1.jpg?fit=300%2C124&ssl=1\",\"contentUrl\":\"https:\/\/i0.wp.com\/lcdmusique35.fr\/wp-content\/uploads\/2023\/08\/cropped-cropped-logo-1-Copie-2-300x124-1.jpg?fit=300%2C124&ssl=1\",\"width\":300,\"height\":124,\"caption\":\"LES CHEMINS DE LA MUSIQUE 35\"},\"image\":{\"@id\":\"https:\/\/lcdmusique35.fr\/#\/schema\/logo\/image\/\"}}]}<\/script>\n<!-- \/ Yoast SEO plugin. -->","yoast_head_json":{"title":"Piano\/guitare : A vous de jouer ! LES CHEMINS DE LA MUSIQUE 35","description":"Cours particuliers de PIANO pour tous les \u00e2ges et niveaux. L'association les Chemins de la Musique situ\u00e9e au Centre Social de Vitr\u00e9 vous accueil et reste \u00e0 votre \u00e9coute afin d'atteindre vos objectifs musicaux.","robots":{"index":"index","follow":"follow","max-snippet":"max-snippet:-1","max-image-preview":"max-image-preview:large","max-video-preview":"max-video-preview:-1"},"canonical":"https:\/\/lcdmusique35.fr\/","og_locale":"fr_FR","og_type":"article","og_title":"Piano\/guitare : A vous de jouer ! LES CHEMINS DE LA MUSIQUE 35","og_description":"Cours particuliers de PIANO pour tous les \u00e2ges et niveaux. L'association les Chemins de la Musique situ\u00e9e au Centre Social de Vitr\u00e9 vous accueil et reste \u00e0 votre \u00e9coute afin d'atteindre vos objectifs musicaux.","og_url":"https:\/\/lcdmusique35.fr\/","og_site_name":"LES CHEMINS DE LA MUSIQUE 35","article_modified_time":"2025-08-05T11:25:50+00:00","og_image":[{"url":"http:\/\/lcdmusique35.fr\/wp-content\/uploads\/2023\/09\/clavier-site.jpg"}],"twitter_card":"summary_large_image","twitter_misc":{"Dur\u00e9e de lecture estim\u00e9e":"1 minute"},"schema":{"@context":"https:\/\/schema.org","@graph":[{"@type":"WebPage","@id":"https:\/\/lcdmusique35.fr\/","url":"https:\/\/lcdmusique35.fr\/","name":"Piano\/guitare : A vous de jouer ! LES CHEMINS DE LA MUSIQUE 35","isPartOf":{"@id":"https:\/\/lcdmusique35.fr\/#website"},"datePublished":"2023-08-29T02:16:09+00:00","dateModified":"2025-08-05T11:25:50+00:00","description":"Cours particuliers de PIANO pour tous les \u00e2ges et niveaux. L'association les Chemins de la Musique situ\u00e9e au Centre Social de Vitr\u00e9 vous accueil et reste \u00e0 votre \u00e9coute afin d'atteindre vos objectifs musicaux.","breadcrumb":{"@id":"https:\/\/lcdmusique35.fr\/#breadcrumb"},"inLanguage":"fr-FR","potentialAction":[{"@type":"ReadAction","target":["https:\/\/lcdmusique35.fr\/"]}]},{"@type":"BreadcrumbList","@id":"https:\/\/lcdmusique35.fr\/#breadcrumb","itemListElement":[{"@type":"ListItem","position":1,"name":"Accueil","item":"https:\/\/lcdmusique35.fr\/"},{"@type":"ListItem","position":2,"name":"Vous aimez la guitare ou le piano ! A vous de jouer"}]},{"@type":"WebSite","@id":"https:\/\/lcdmusique35.fr\/#website","url":"https:\/\/lcdmusique35.fr\/","name":"LES CHEMINS DE LA MUSIQUE 35","description":"","publisher":{"@id":"https:\/\/lcdmusique35.fr\/#organization"},"potentialAction":[{"@type":"SearchAction","target":{"@type":"EntryPoint","urlTemplate":"https:\/\/lcdmusique35.fr\/?s={search_term_string}"},"query-input":"required name=search_term_string"}],"inLanguage":"fr-FR"},{"@type":"Organization","@id":"https:\/\/lcdmusique35.fr\/#organization","name":"LES CHEMINS DE LA MUSIQUE 35","url":"https:\/\/lcdmusique35.fr\/","logo":{"@type":"ImageObject","inLanguage":"fr-FR","@id":"https:\/\/lcdmusique35.fr\/#\/schema\/logo\/image\/","url":"https:\/\/i0.wp.com\/lcdmusique35.fr\/wp-content\/uploads\/2023\/08\/cropped-cropped-logo-1-Copie-2-300x124-1.jpg?fit=300%2C124&ssl=1","contentUrl":"https:\/\/i0.wp.com\/lcdmusique35.fr\/wp-content\/uploads\/2023\/08\/cropped-cropped-logo-1-Copie-2-300x124-1.jpg?fit=300%2C124&ssl=1","width":300,"height":124,"caption":"LES CHEMINS DE LA MUSIQUE 35"},"image":{"@id":"https:\/\/lcdmusique35.fr\/#\/schema\/logo\/image\/"}}]}},"_links":{"self":[{"href":"https:\/\/lcdmusique35.fr\/index.php\/wp-json\/wp\/v2\/pages\/13","targetHints":{"allow":["GET"]}}],"collection":[{"href":"https:\/\/lcdmusique35.fr\/index.php\/wp-json\/wp\/v2\/pages"}],"about":[{"href":"https:\/\/lcdmusique35.fr\/index.php\/wp-json\/wp\/v2\/types\/page"}],"author":[{"embeddable":true,"href":"https:\/\/lcdmusique35.fr\/index.php\/wp-json\/wp\/v2\/users\/1"}],"replies":[{"embeddable":true,"href":"https:\/\/lcdmusique35.fr\/index.php\/wp-json\/wp\/v2\/comments?post=13"}],"version-history":[{"count":30,"href":"https:\/\/lcdmusique35.fr\/index.php\/wp-json\/wp\/v2\/pages\/13\/revisions"}],"predecessor-version":[{"id":210,"href":"https:\/\/lcdmusique35.fr\/index.php\/wp-json\/wp\/v2\/pages\/13\/revisions\/210"}],"wp:attachment":[{"href":"https:\/\/lcdmusique35.fr\/index.php\/wp-json\/wp\/v2\/media?parent=13"}],"curies":[{"name":"wp","href":"https:\/\/api.w.org\/{rel}","templated":true}]}}