{"id":159,"date":"2023-09-13T14:25:09","date_gmt":"2023-09-13T12:25:09","guid":{"rendered":"http:\/\/lcdmusique35.fr\/?page_id=159"},"modified":"2023-09-13T14:46:14","modified_gmt":"2023-09-13T12:46:14","slug":"gabrielle-coquette","status":"publish","type":"page","link":"http:\/\/lcdmusique35.fr\/index.php\/gabrielle-coquette\/","title":{"rendered":"Gabrielle COQUETTE (Professeur de guitare)"},"content":{"rendered":"\n<p>C&rsquo;est apr\u00e8s avoir assist\u00e9 \u00e0 un concert du bluesman Paul Personne que je d\u00e9cidai, \u00e9bloui par sa prestation et encore adolescent, de d\u00e9marrer l&rsquo;apprentissage de la guitare. D&rsquo;abord autodidacte et amoureux des musiques actuelles amplifi\u00e9es (Rock, Blues, Funk, Soul etc.), je passe beaucoup de temps dans ma chambre \u00e0 explorer l&rsquo;instrument. Conscient des limites de l&rsquo;apprentissage seul et curieux d&rsquo;en d\u00e9couvrir plus, je poursuis mes \u00e9tudes musicales \u00e0 l&rsquo;Universit\u00e9 Rennes II et au Conservatoire de Rennes.&nbsp;<\/p>\n\n\n\n<p>Je joue dans diff\u00e9rents groupes puis, les hasards de la vie et les rencontres me m\u00e8nent naturellement vers l&rsquo;enseignement, parall\u00e8lement \u00e0 ma vie de guitariste. Si la sc\u00e8ne est importante dans la vie d&rsquo;un musicien, l&rsquo;envie de transmettre et de partager s&rsquo;impose d&rsquo;elle m\u00eame \u00e0 beaucoup d&rsquo;entre nous aussi!&nbsp;<\/p>\n\n\n\n<p>Les cours sont ouverts \u00e0 tous les styles et \u00e0 tous les niveaux,&nbsp; sur l&rsquo;instrument de votre choix, \u00e9lectrique ou acoustique. A tr\u00e8s vite !<\/p>\n","protected":false},"excerpt":{"rendered":"<p>C&rsquo;est apr\u00e8s avoir assist\u00e9 \u00e0 un concert du bluesman Paul Personne que je d\u00e9cidai, \u00e9bloui par sa prestation et encore adolescent, de d\u00e9marrer l&rsquo;apprentissage de la guitare. D&rsquo;abord autodidacte et amoureux des musiques actuelles amplifi\u00e9es (Rock, Blues, Funk, Soul etc.), je passe beaucoup de temps dans ma chambre \u00e0 explorer l&rsquo;instrument. Conscient des limites de [&hellip;]<\/p>\n","protected":false},"author":2,"featured_media":0,"parent":0,"menu_order":0,"comment_status":"closed","ping_status":"closed","template":"","meta":{"footnotes":""},"class_list":["post-159","page","type-page","status-publish","hentry"],"yoast_head":"<!-- This site is optimized with the Yoast SEO plugin v21.2 - https:\/\/yoast.com\/wordpress\/plugins\/seo\/ -->\n<title>Gabrielle COQUETTE (Professeur de guitare) - LES CHEMINS DE LA MUSIQUE 35<\/title>\n<meta name=\"robots\" content=\"index, follow, max-snippet:-1, max-image-preview:large, max-video-preview:-1\" \/>\n<link rel=\"canonical\" href=\"http:\/\/lcdmusique35.fr\/index.php\/gabrielle-coquette\/\" \/>\n<meta property=\"og:locale\" content=\"fr_FR\" \/>\n<meta property=\"og:type\" content=\"article\" \/>\n<meta property=\"og:title\" content=\"Gabrielle COQUETTE (Professeur de guitare) - LES CHEMINS DE LA MUSIQUE 35\" \/>\n<meta property=\"og:description\" content=\"C&rsquo;est apr\u00e8s avoir assist\u00e9 \u00e0 un concert du bluesman Paul Personne que je d\u00e9cidai, \u00e9bloui par sa prestation et encore adolescent, de d\u00e9marrer l&rsquo;apprentissage de la guitare. D&rsquo;abord autodidacte et amoureux des musiques actuelles amplifi\u00e9es (Rock, Blues, Funk, Soul etc.), je passe beaucoup de temps dans ma chambre \u00e0 explorer l&rsquo;instrument. Conscient des limites de [&hellip;]\" \/>\n<meta property=\"og:url\" content=\"http:\/\/lcdmusique35.fr\/index.php\/gabrielle-coquette\/\" \/>\n<meta property=\"og:site_name\" content=\"LES CHEMINS DE LA MUSIQUE 35\" \/>\n<meta property=\"article:modified_time\" content=\"2023-09-13T12:46:14+00:00\" \/>\n<meta name=\"twitter:card\" content=\"summary_large_image\" \/>\n<meta name=\"twitter:label1\" content=\"Dur\u00e9e de lecture estim\u00e9e\" \/>\n\t<meta name=\"twitter:data1\" content=\"1 minute\" \/>\n<script type=\"application\/ld+json\" class=\"yoast-schema-graph\">{\"@context\":\"https:\/\/schema.org\",\"@graph\":[{\"@type\":\"WebPage\",\"@id\":\"http:\/\/lcdmusique35.fr\/index.php\/gabrielle-coquette\/\",\"url\":\"http:\/\/lcdmusique35.fr\/index.php\/gabrielle-coquette\/\",\"name\":\"Gabrielle COQUETTE (Professeur de guitare) - LES CHEMINS DE LA MUSIQUE 35\",\"isPartOf\":{\"@id\":\"https:\/\/lcdmusique35.fr\/#website\"},\"datePublished\":\"2023-09-13T12:25:09+00:00\",\"dateModified\":\"2023-09-13T12:46:14+00:00\",\"breadcrumb\":{\"@id\":\"http:\/\/lcdmusique35.fr\/index.php\/gabrielle-coquette\/#breadcrumb\"},\"inLanguage\":\"fr-FR\",\"potentialAction\":[{\"@type\":\"ReadAction\",\"target\":[\"http:\/\/lcdmusique35.fr\/index.php\/gabrielle-coquette\/\"]}]},{\"@type\":\"BreadcrumbList\",\"@id\":\"http:\/\/lcdmusique35.fr\/index.php\/gabrielle-coquette\/#breadcrumb\",\"itemListElement\":[{\"@type\":\"ListItem\",\"position\":1,\"name\":\"Accueil\",\"item\":\"https:\/\/lcdmusique35.fr\/\"},{\"@type\":\"ListItem\",\"position\":2,\"name\":\"Gabrielle COQUETTE (Professeur de guitare)\"}]},{\"@type\":\"WebSite\",\"@id\":\"https:\/\/lcdmusique35.fr\/#website\",\"url\":\"https:\/\/lcdmusique35.fr\/\",\"name\":\"LES CHEMINS DE LA MUSIQUE 35\",\"description\":\"\",\"publisher\":{\"@id\":\"https:\/\/lcdmusique35.fr\/#organization\"},\"potentialAction\":[{\"@type\":\"SearchAction\",\"target\":{\"@type\":\"EntryPoint\",\"urlTemplate\":\"https:\/\/lcdmusique35.fr\/?s={search_term_string}\"},\"query-input\":\"required name=search_term_string\"}],\"inLanguage\":\"fr-FR\"},{\"@type\":\"Organization\",\"@id\":\"https:\/\/lcdmusique35.fr\/#organization\",\"name\":\"LES CHEMINS DE LA MUSIQUE 35\",\"url\":\"https:\/\/lcdmusique35.fr\/\",\"logo\":{\"@type\":\"ImageObject\",\"inLanguage\":\"fr-FR\",\"@id\":\"https:\/\/lcdmusique35.fr\/#\/schema\/logo\/image\/\",\"url\":\"https:\/\/i0.wp.com\/lcdmusique35.fr\/wp-content\/uploads\/2023\/08\/cropped-cropped-logo-1-Copie-2-300x124-1.jpg?fit=300%2C124\",\"contentUrl\":\"https:\/\/i0.wp.com\/lcdmusique35.fr\/wp-content\/uploads\/2023\/08\/cropped-cropped-logo-1-Copie-2-300x124-1.jpg?fit=300%2C124\",\"width\":300,\"height\":124,\"caption\":\"LES CHEMINS DE LA MUSIQUE 35\"},\"image\":{\"@id\":\"https:\/\/lcdmusique35.fr\/#\/schema\/logo\/image\/\"}}]}<\/script>\n<!-- \/ Yoast SEO plugin. -->","yoast_head_json":{"title":"Gabrielle COQUETTE (Professeur de guitare) - LES CHEMINS DE LA MUSIQUE 35","robots":{"index":"index","follow":"follow","max-snippet":"max-snippet:-1","max-image-preview":"max-image-preview:large","max-video-preview":"max-video-preview:-1"},"canonical":"http:\/\/lcdmusique35.fr\/index.php\/gabrielle-coquette\/","og_locale":"fr_FR","og_type":"article","og_title":"Gabrielle COQUETTE (Professeur de guitare) - LES CHEMINS DE LA MUSIQUE 35","og_description":"C&rsquo;est apr\u00e8s avoir assist\u00e9 \u00e0 un concert du bluesman Paul Personne que je d\u00e9cidai, \u00e9bloui par sa prestation et encore adolescent, de d\u00e9marrer l&rsquo;apprentissage de la guitare. D&rsquo;abord autodidacte et amoureux des musiques actuelles amplifi\u00e9es (Rock, Blues, Funk, Soul etc.), je passe beaucoup de temps dans ma chambre \u00e0 explorer l&rsquo;instrument. Conscient des limites de [&hellip;]","og_url":"http:\/\/lcdmusique35.fr\/index.php\/gabrielle-coquette\/","og_site_name":"LES CHEMINS DE LA MUSIQUE 35","article_modified_time":"2023-09-13T12:46:14+00:00","twitter_card":"summary_large_image","twitter_misc":{"Dur\u00e9e de lecture estim\u00e9e":"1 minute"},"schema":{"@context":"https:\/\/schema.org","@graph":[{"@type":"WebPage","@id":"http:\/\/lcdmusique35.fr\/index.php\/gabrielle-coquette\/","url":"http:\/\/lcdmusique35.fr\/index.php\/gabrielle-coquette\/","name":"Gabrielle COQUETTE (Professeur de guitare) - LES CHEMINS DE LA MUSIQUE 35","isPartOf":{"@id":"https:\/\/lcdmusique35.fr\/#website"},"datePublished":"2023-09-13T12:25:09+00:00","dateModified":"2023-09-13T12:46:14+00:00","breadcrumb":{"@id":"http:\/\/lcdmusique35.fr\/index.php\/gabrielle-coquette\/#breadcrumb"},"inLanguage":"fr-FR","potentialAction":[{"@type":"ReadAction","target":["http:\/\/lcdmusique35.fr\/index.php\/gabrielle-coquette\/"]}]},{"@type":"BreadcrumbList","@id":"http:\/\/lcdmusique35.fr\/index.php\/gabrielle-coquette\/#breadcrumb","itemListElement":[{"@type":"ListItem","position":1,"name":"Accueil","item":"https:\/\/lcdmusique35.fr\/"},{"@type":"ListItem","position":2,"name":"Gabrielle COQUETTE (Professeur de guitare)"}]},{"@type":"WebSite","@id":"https:\/\/lcdmusique35.fr\/#website","url":"https:\/\/lcdmusique35.fr\/","name":"LES CHEMINS DE LA MUSIQUE 35","description":"","publisher":{"@id":"https:\/\/lcdmusique35.fr\/#organization"},"potentialAction":[{"@type":"SearchAction","target":{"@type":"EntryPoint","urlTemplate":"https:\/\/lcdmusique35.fr\/?s={search_term_string}"},"query-input":"required name=search_term_string"}],"inLanguage":"fr-FR"},{"@type":"Organization","@id":"https:\/\/lcdmusique35.fr\/#organization","name":"LES CHEMINS DE LA MUSIQUE 35","url":"https:\/\/lcdmusique35.fr\/","logo":{"@type":"ImageObject","inLanguage":"fr-FR","@id":"https:\/\/lcdmusique35.fr\/#\/schema\/logo\/image\/","url":"https:\/\/i0.wp.com\/lcdmusique35.fr\/wp-content\/uploads\/2023\/08\/cropped-cropped-logo-1-Copie-2-300x124-1.jpg?fit=300%2C124","contentUrl":"https:\/\/i0.wp.com\/lcdmusique35.fr\/wp-content\/uploads\/2023\/08\/cropped-cropped-logo-1-Copie-2-300x124-1.jpg?fit=300%2C124","width":300,"height":124,"caption":"LES CHEMINS DE LA MUSIQUE 35"},"image":{"@id":"https:\/\/lcdmusique35.fr\/#\/schema\/logo\/image\/"}}]}},"_links":{"self":[{"href":"http:\/\/lcdmusique35.fr\/index.php\/wp-json\/wp\/v2\/pages\/159","targetHints":{"allow":["GET"]}}],"collection":[{"href":"http:\/\/lcdmusique35.fr\/index.php\/wp-json\/wp\/v2\/pages"}],"about":[{"href":"http:\/\/lcdmusique35.fr\/index.php\/wp-json\/wp\/v2\/types\/page"}],"author":[{"embeddable":true,"href":"http:\/\/lcdmusique35.fr\/index.php\/wp-json\/wp\/v2\/users\/2"}],"replies":[{"embeddable":true,"href":"http:\/\/lcdmusique35.fr\/index.php\/wp-json\/wp\/v2\/comments?post=159"}],"version-history":[{"count":4,"href":"http:\/\/lcdmusique35.fr\/index.php\/wp-json\/wp\/v2\/pages\/159\/revisions"}],"predecessor-version":[{"id":166,"href":"http:\/\/lcdmusique35.fr\/index.php\/wp-json\/wp\/v2\/pages\/159\/revisions\/166"}],"wp:attachment":[{"href":"http:\/\/lcdmusique35.fr\/index.php\/wp-json\/wp\/v2\/media?parent=159"}],"curies":[{"name":"wp","href":"https:\/\/api.w.org\/{rel}","templated":true}]}}